{"id":2590,"date":"2026-01-09T18:26:09","date_gmt":"2026-01-09T18:26:09","guid":{"rendered":"https:\/\/ambassadeguineerwanda.org\/?page_id=2590"},"modified":"2026-04-14T09:48:14","modified_gmt":"2026-04-14T09:48:14","slug":"cooperation-politique","status":"publish","type":"page","link":"https:\/\/ambassadeguineerwanda.org\/en\/cooperation-politique\/","title":{"rendered":"Political Cooperation"},"content":{"rendered":"<div data-elementor-type=\"wp-page\" data-elementor-id=\"2590\" class=\"elementor elementor-2590\">\n\t\t\t\t<div class=\"elementor-element elementor-element-7c12119 e-flex e-con-boxed e-con e-parent\" data-id=\"7c12119\" data-element_type=\"container\" data-e-type=\"container\">\n\t\t\t\t\t<div class=\"e-con-inner\">\n\t\t<div class=\"elementor-element elementor-element-032439c e-con-full e-flex e-con e-child\" data-id=\"032439c\" data-element_type=\"container\" data-e-type=\"container\">\n\t\t<div class=\"elementor-element elementor-element-b61763e e-con-full e-flex e-con e-child\" data-id=\"b61763e\" data-element_type=\"container\" data-e-type=\"container\">\n\t\t\t\t<div class=\"elementor-element elementor-element-395af5e elementor-widget-tablet__width-initial elementor-widget elementor-widget-ld_fancy_image\" data-id=\"395af5e\" data-element_type=\"widget\" data-e-type=\"widget\" data-widget_type=\"ld_fancy_image.default\">\n\t\t\t\t<div class=\"elementor-widget-container\">\n\t\t\t\t\t\n\t\t<div class=\"lqd-imggrp-single d-block pos-rel perspective\" data-hover3d=\"true\">\n\t\t\t<div class=\"lqd-imggrp-img-container d-inline-flex pos-rel align-items-center justify-content-center transform-style-3d\">\n\t\t\t\t\t\t\t\t<figure class=\"w-100 pos-rel\" data-stacking-factor=\"1\">\n\t\t\t\t\t<img fetchpriority=\"high\" decoding=\"async\" width=\"800\" height=\"553\" src=\"https:\/\/ambassadeguineerwanda.org\/wp-content\/uploads\/2026\/04\/WhatsApp-Image-2026-04-14-at-11.46.06-AM-1.jpeg\" class=\"attachment-full size-full wp-image-3837\" alt=\"\" srcset=\"https:\/\/ambassadeguineerwanda.org\/wp-content\/uploads\/2026\/04\/WhatsApp-Image-2026-04-14-at-11.46.06-AM-1.jpeg 800w, https:\/\/ambassadeguineerwanda.org\/wp-content\/uploads\/2026\/04\/WhatsApp-Image-2026-04-14-at-11.46.06-AM-1-300x207.jpeg 300w, https:\/\/ambassadeguineerwanda.org\/wp-content\/uploads\/2026\/04\/WhatsApp-Image-2026-04-14-at-11.46.06-AM-1-18x12.jpeg 18w\" sizes=\"(max-width: 800px) 100vw, 800px\" itemprop=\"image\" \/>\t\t\t\t\t\t\t\t\t\t\t\t\t\t\t\t\t\t\t\t\t\t\t\t\t\t\t\t\t<\/figure>\n\t\t\t<\/div>\n\t\t<\/div>\n\n\t\t\t\t\t<\/div>\n\t\t\t\t<\/div>\n\t\t\t\t<\/div>\n\t\t<div class=\"elementor-element elementor-element-3e73211 e-con-full e-flex e-con e-child\" data-id=\"3e73211\" data-element_type=\"container\" data-e-type=\"container\">\n\t\t\t\t<div class=\"elementor-element elementor-element-62f663d elementor-widget elementor-widget-image\" data-id=\"62f663d\" data-element_type=\"widget\" data-e-type=\"widget\" data-widget_type=\"image.default\">\n\t\t\t\t\t\t\t\t\t\t\t\t\t\t\t<img decoding=\"async\" width=\"241\" height=\"257\" src=\"https:\/\/ambassadeguineerwanda.org\/wp-content\/uploads\/2021\/06\/Fichier-3.jpg\" class=\"attachment-large size-large wp-image-668\" alt=\"\" srcset=\"https:\/\/ambassadeguineerwanda.org\/wp-content\/uploads\/2021\/06\/Fichier-3.jpg 241w, https:\/\/ambassadeguineerwanda.org\/wp-content\/uploads\/2021\/06\/Fichier-3-11x12.jpg 11w\" sizes=\"(max-width: 241px) 100vw, 241px\" \/>\t\t\t\t\t\t\t\t\t\t\t\t\t\t\t<\/div>\n\t\t\t\t<div class=\"elementor-element elementor-element-8f16d98 elementor-widget elementor-widget-hub_fancy_heading\" data-id=\"8f16d98\" data-element_type=\"widget\" data-e-type=\"widget\" data-widget_type=\"hub_fancy_heading.default\">\n\t\t\t\t<div class=\"elementor-widget-container\">\n\t\t\t\t\t\n\t\t<div id=\"ld-fancy-heading-69fb3e1c12282\" class=\"ld-fancy-heading pos-rel\">\n\t\t\t<h2 class=\"ld-fh-element d-inline-block pos-rel  elementor-heading-title lqd-highlight-classic lqd-highlight-grow-left h2\"  > POLITICAL COOPERATION\n<\/h2>\t\t<\/div>\n\n\t\t\t\t\t\t<\/div>\n\t\t\t\t<\/div>\n\t\t\t\t<div class=\"elementor-element elementor-element-f12fac4 elementor-widget elementor-widget-ld_carousel\" data-id=\"f12fac4\" data-element_type=\"widget\" data-e-type=\"widget\" data-widget_type=\"ld_carousel.default\">\n\t\t\t\t<div class=\"elementor-widget-container\">\n\t\t\t\t\t\n\t\t<div class=\"carousel-container pos-rel carousel-nav-left carousel-nav-md carousel-nav-left carousel-nav-floated no carousel-dots-mobile-outside carousel-dots-mobile-center\" id=\"\" >\n\n\t\t\t<div class=\"carousel-items pos-rel\"  data-lqd-flickity='{\"wrapAround\":true,\"prevNextButtons\":true,\"navArrow\":\"2\",\"pageDots\":true,\"dotsIndicator\":\"numbers\",\"cellAlign\":\"left\",\"groupCells\":false,\"buttonsAppendTo\":\"self\",\"addSlideNumbersToArrows\":false,\"numbersStyle\":\"line\",\"dotsAppendTo\":\"self\"}'>\n\n\t\t\t\t\t\t\t\t<div class=\"flickity-viewport pos-rel w-100 overflow-hidden\">\n\t\t\t\t\t<div class=\"flickity-slider d-flex w-100 h-100 pos-rel align-items-start\" style=\"left: 0; transform: translateX(0%);\">\n\t\t\t\t\t\t\t\t\t\t\t\t\t<div class=\"carousel-item d-flex flex-column justify-content-center elementor-repeater-item-2860541\">\n\t\t\t\t\t\t\t\t<div class=\"carousel-item-inner pos-rel w-100\">\n\t\t\t\t\t\t\t\t\t<div class=\"carousel-item-content pos-rel w-100\">\n\n\t\t\t\t\t\t\t\t\t\t<p data-start=\"203\" data-end=\"405\">Political cooperation between the government of the Republic of Guinea and the Republic of Rwanda is based on foundational agreements that define the institutional framework of the bilateral partnership.<\/p><p data-start=\"407\" data-end=\"619\">The first major instrument is the Framework Cooperation Agreement<strong data-start=\"442\" data-end=\"473\">.<\/strong>Signed on March 9, 2016 in Conakry. This agreement sets out the general principles of collaboration and establishes permanent mechanisms for consultation.<\/p>\t\t\t\t\t\t\t\t\t<\/div>\n\t\t\t\t\t\t\t\t<\/div>\n\t\t\t\t\t\t\t<\/div>\n\t\t\t\t\t\t\t\t\t\t\t\t\t<div class=\"carousel-item d-flex flex-column justify-content-center elementor-repeater-item-813dc8f\">\n\t\t\t\t\t\t\t\t<div class=\"carousel-item-inner pos-rel w-100\">\n\t\t\t\t\t\t\t\t\t<div class=\"carousel-item-content pos-rel w-100\">\n\n\t\t\t\t\t\t\t\t\t\t<p data-start=\"621\" data-end=\"820\" class=\"translation-block\">A Protocol on Local Administration and Decentralized Governance was signed on May 13, 2016, in Kigali. Its aim is to promote the exchange of good practices in local governance .<\/p><p data-start=\"822\" data-end=\"1129\" class=\"translation-block\">On April 18, 2023, in Conakry, an agreement establishing the Joint High Commission for Cooperation was signed between the two Ministries of Foreign Affairs. This commission is the main body for bilateral follow-up and marks the reactivation and strengthening of bilateral relations .<\/p>\t\t\t\t\t\t\t\t\t<\/div>\n\t\t\t\t\t\t\t\t<\/div>\n\t\t\t\t\t\t\t<\/div>\n\t\t\t\t\t\t\t\t\t\t\t\t\t<div class=\"carousel-item d-flex flex-column justify-content-center elementor-repeater-item-e8a08e8\">\n\t\t\t\t\t\t\t\t<div class=\"carousel-item-inner pos-rel w-100\">\n\t\t\t\t\t\t\t\t\t<div class=\"carousel-item-content pos-rel w-100\">\n\n\t\t\t\t\t\t\t\t\t\t<div class=\"elementor-element elementor-element-9cbfc27 e-con-full e-flex e-con e-child\" data-id=\"9cbfc27\" data-element_type=\"container\"><div class=\"elementor-element elementor-element-31e68a3 e-con-full e-flex e-con e-child\" data-id=\"31e68a3\" data-element_type=\"container\"><div class=\"elementor-element elementor-element-ff2924a e-flex e-con-boxed e-con e-child\" data-id=\"ff2924a\" data-element_type=\"container\"><div class=\"e-con-inner\"><div class=\"elementor-element elementor-element-709f7f5 elementor-widget elementor-widget-text-editor\" data-id=\"709f7f5\" data-element_type=\"widget\" data-widget_type=\"text-editor.default\"><p data-start=\"1131\" data-end=\"1310\">Finally, on October 9, 2024 in Kigali, the two countries confirmed their commitment to intensifying multi-sectoral cooperation by signing new cooperation agreements.<\/p><\/div><\/div><\/div><\/div><\/div><div class=\"lqd-css-sticky elementor-element elementor-element-1546dfa e-con-full e-flex e-con e-child\" data-id=\"1546dfa\" data-element_type=\"container\"><div class=\"elementor-element elementor-element-b3c7ad6 elementor-widget__width-initial elementor-widget-tablet__width-inherit elementor-widget elementor-widget-ld_custom_menu\" data-id=\"b3c7ad6\" data-element_type=\"widget\" data-widget_type=\"ld_custom_menu.default\"><div class=\"elementor-widget-container\"><div class=\"lqd-fancy-menu lqd-custom-menu pos-rel menu-items-has-fill left lqd-menu-td-none lqd-custom-menu-expand-items\"><ul id=\"lqd-custom-menu-b3c7ad6\" class=\"reset-ul\"><li>\u00a0<\/li><\/ul><\/div><\/div><\/div><\/div>\t\t\t\t\t\t\t\t\t<\/div>\n\t\t\t\t\t\t\t\t<\/div>\n\t\t\t\t\t\t\t<\/div>\n\t\t\t\t\t\t\t\t\t\t\t<\/div>\n\t\t\t\t<\/div>\n\t\t\t<\/div>\n\t\t\t\n\t\t\t\n\t\t<\/div>\n\t\t\t\t\t\t<\/div>\n\t\t\t\t<\/div>\n\t\t\t\t<\/div>\n\t\t\t\t<\/div>\n\t\t\t\t\t<\/div>\n\t\t\t\t<\/div>\n\t\t\t\t<\/div>","protected":false},"excerpt":{"rendered":"<p>COOP\u00c9RATION POLITIQUE La coop\u00e9ration politique entre le gouvernement de la R\u00e9publique de Guin\u00e9e et la R\u00e9publique du Rwanda repose sur des accords fondateurs qui d\u00e9finissent le cadre institutionnel du partenariat bilat\u00e9ral. Le premier instrument majeur est l\u2019Accord-cadre de coop\u00e9ration, sign\u00e9 le 09 mars 2016 \u00e0 Conakry. Cet accord fixe les principes g\u00e9n\u00e9raux de collaboration et [&hellip;]<\/p>\n","protected":false},"author":4,"featured_media":0,"parent":0,"menu_order":0,"comment_status":"closed","ping_status":"closed","template":"","meta":{"footnotes":""},"class_list":["post-2590","page","type-page","status-publish","hentry"],"_links":{"self":[{"href":"https:\/\/ambassadeguineerwanda.org\/en\/wp-json\/wp\/v2\/pages\/2590","targetHints":{"allow":["GET"]}}],"collection":[{"href":"https:\/\/ambassadeguineerwanda.org\/en\/wp-json\/wp\/v2\/pages"}],"about":[{"href":"https:\/\/ambassadeguineerwanda.org\/en\/wp-json\/wp\/v2\/types\/page"}],"author":[{"embeddable":true,"href":"https:\/\/ambassadeguineerwanda.org\/en\/wp-json\/wp\/v2\/users\/4"}],"replies":[{"embeddable":true,"href":"https:\/\/ambassadeguineerwanda.org\/en\/wp-json\/wp\/v2\/comments?post=2590"}],"version-history":[{"count":76,"href":"https:\/\/ambassadeguineerwanda.org\/en\/wp-json\/wp\/v2\/pages\/2590\/revisions"}],"predecessor-version":[{"id":3840,"href":"https:\/\/ambassadeguineerwanda.org\/en\/wp-json\/wp\/v2\/pages\/2590\/revisions\/3840"}],"wp:attachment":[{"href":"https:\/\/ambassadeguineerwanda.org\/en\/wp-json\/wp\/v2\/media?parent=2590"}],"curies":[{"name":"wp","href":"https:\/\/api.w.org\/{rel}","templated":true}]}}