{"id":2596,"date":"2026-01-09T19:38:26","date_gmt":"2026-01-09T19:38:26","guid":{"rendered":"https:\/\/ambassadeguineerwanda.org\/?page_id=2596"},"modified":"2026-02-16T11:29:11","modified_gmt":"2026-02-16T11:29:11","slug":"cooperation-economique","status":"publish","type":"page","link":"https:\/\/ambassadeguineerwanda.org\/en\/cooperation-economique\/","title":{"rendered":"cooperation economique"},"content":{"rendered":"<div data-elementor-type=\"wp-page\" data-elementor-id=\"2596\" class=\"elementor elementor-2596\">\n\t\t\t\t<div class=\"elementor-element elementor-element-fff957a e-flex e-con-boxed e-con e-parent\" data-id=\"fff957a\" data-element_type=\"container\" data-e-type=\"container\">\n\t\t\t\t\t<div class=\"e-con-inner\">\n\t\t<div class=\"elementor-element elementor-element-e7f5f02 e-con-full e-flex e-con e-child\" data-id=\"e7f5f02\" data-element_type=\"container\" data-e-type=\"container\">\n\t\t<div class=\"elementor-element elementor-element-af8f976 e-con-full e-flex e-con e-child\" data-id=\"af8f976\" data-element_type=\"container\" data-e-type=\"container\">\n\t\t\t\t<div class=\"elementor-element elementor-element-921c1bb elementor-widget elementor-widget-ld_fancy_image\" data-id=\"921c1bb\" data-element_type=\"widget\" data-e-type=\"widget\" data-widget_type=\"ld_fancy_image.default\">\n\t\t\t\t<div class=\"elementor-widget-container\">\n\t\t\t\t\t\n\t\t<div class=\"lqd-imggrp-single d-block pos-rel perspective\" data-hover3d=\"true\">\n\t\t\t<div class=\"lqd-imggrp-img-container d-inline-flex pos-rel align-items-center justify-content-center transform-style-3d\">\n\t\t\t\t\t\t\t\t<figure class=\"w-100 pos-rel\" data-stacking-factor=\"1\">\n\t\t\t\t\t<img fetchpriority=\"high\" decoding=\"async\" width=\"769\" height=\"960\" src=\"https:\/\/ambassadeguineerwanda.org\/wp-content\/uploads\/2026\/02\/WhatsApp-Image-2026-02-11-at-3.13.16-PM-3.jpeg\" class=\"attachment-full size-full wp-image-3746\" alt=\"\" srcset=\"https:\/\/ambassadeguineerwanda.org\/wp-content\/uploads\/2026\/02\/WhatsApp-Image-2026-02-11-at-3.13.16-PM-3.jpeg 769w, https:\/\/ambassadeguineerwanda.org\/wp-content\/uploads\/2026\/02\/WhatsApp-Image-2026-02-11-at-3.13.16-PM-3-240x300.jpeg 240w, https:\/\/ambassadeguineerwanda.org\/wp-content\/uploads\/2026\/02\/WhatsApp-Image-2026-02-11-at-3.13.16-PM-3-10x12.jpeg 10w\" sizes=\"(max-width: 769px) 100vw, 769px\" itemprop=\"image\" \/>\t\t\t\t\t\t\t\t\t\t\t\t\t\t\t\t\t\t\t\t\t\t\t\t\t\t\t\t\t<\/figure>\n\t\t\t<\/div>\n\t\t<\/div>\n\n\t\t\t\t\t<\/div>\n\t\t\t\t<\/div>\n\t\t\t\t<\/div>\n\t\t<div class=\"elementor-element elementor-element-50a1f8d e-con-full e-flex e-con e-child\" data-id=\"50a1f8d\" data-element_type=\"container\" data-e-type=\"container\">\n\t\t\t\t<div class=\"elementor-element elementor-element-d21f062 elementor-widget elementor-widget-image\" data-id=\"d21f062\" data-element_type=\"widget\" data-e-type=\"widget\" data-widget_type=\"image.default\">\n\t\t\t\t\t\t\t\t\t\t\t\t\t\t\t<img decoding=\"async\" width=\"241\" height=\"257\" src=\"https:\/\/ambassadeguineerwanda.org\/wp-content\/uploads\/2021\/06\/Fichier-3.jpg\" class=\"attachment-large size-large wp-image-668\" alt=\"\" srcset=\"https:\/\/ambassadeguineerwanda.org\/wp-content\/uploads\/2021\/06\/Fichier-3.jpg 241w, https:\/\/ambassadeguineerwanda.org\/wp-content\/uploads\/2021\/06\/Fichier-3-11x12.jpg 11w\" sizes=\"(max-width: 241px) 100vw, 241px\" \/>\t\t\t\t\t\t\t\t\t\t\t\t\t\t\t<\/div>\n\t\t\t\t<div class=\"elementor-element elementor-element-431e958 elementor-widget-mobile__width-initial elementor-widget elementor-widget-hub_fancy_heading\" data-id=\"431e958\" data-element_type=\"widget\" data-e-type=\"widget\" data-widget_type=\"hub_fancy_heading.default\">\n\t\t\t\t<div class=\"elementor-widget-container\">\n\t\t\t\t\t\n\t\t<div id=\"ld-fancy-heading-69fb3e1cbd691\" class=\"ld-fancy-heading pos-rel\">\n\t\t\t<h2 class=\"ld-fh-element d-inline-block pos-rel  elementor-heading-title lqd-highlight-classic lqd-highlight-grow-left h2\"  > ECONOMIC COOPERATION\n<\/h2>\t\t<\/div>\n\n\t\t\t\t\t\t<\/div>\n\t\t\t\t<\/div>\n\t\t\t\t<div class=\"elementor-element elementor-element-1e90ab1 elementor-widget elementor-widget-ld_carousel\" data-id=\"1e90ab1\" data-element_type=\"widget\" data-e-type=\"widget\" data-widget_type=\"ld_carousel.default\">\n\t\t\t\t<div class=\"elementor-widget-container\">\n\t\t\t\t\t\n\t\t<div class=\"carousel-container pos-rel carousel-nav-left carousel-nav-md carousel-nav-left carousel-nav-floated no carousel-dots-mobile-outside carousel-dots-mobile-center\" id=\"\" >\n\n\t\t\t<div class=\"carousel-items pos-rel\"  data-lqd-flickity='{\"wrapAround\":true,\"prevNextButtons\":true,\"navArrow\":\"2\",\"pageDots\":true,\"dotsIndicator\":\"numbers\",\"cellAlign\":\"left\",\"groupCells\":false,\"buttonsAppendTo\":\"self\",\"addSlideNumbersToArrows\":false,\"numbersStyle\":\"line\",\"dotsAppendTo\":\"self\"}'>\n\n\t\t\t\t\t\t\t\t<div class=\"flickity-viewport pos-rel w-100 overflow-hidden\">\n\t\t\t\t\t<div class=\"flickity-slider d-flex w-100 h-100 pos-rel align-items-start\" style=\"left: 0; transform: translateX(0%);\">\n\t\t\t\t\t\t\t\t\t\t\t\t\t<div class=\"carousel-item d-flex flex-column justify-content-center elementor-repeater-item-2860541\">\n\t\t\t\t\t\t\t\t<div class=\"carousel-item-inner pos-rel w-100\">\n\t\t\t\t\t\t\t\t\t<div class=\"carousel-item-content pos-rel w-100\">\n\n\t\t\t\t\t\t\t\t\t\t<p data-start=\"168\" data-end=\"265\">Economic cooperation is one of the most dynamic aspects of the bilateral partnership.<\/p><p data-start=\"267\" data-end=\"466\" class=\"translation-block\">The first foundational agreement is the Air Services Agreement, signed on March 9, 2016, in Conakry. It paved the way for the integration of the two countries into African air corridors.<\/p><p data-start=\"468\" data-end=\"772\" class=\"translation-block\">The Cooperation Protocol on Information and Communication Technologies (ICT) was signed on April 18, 2023, in Conakry by representatives of the two governments. It marks a major advance in the digitalization of the Guinean administration, inspired by the Rwandan model.<\/p>\t\t\t\t\t\t\t\t\t<\/div>\n\t\t\t\t\t\t\t\t<\/div>\n\t\t\t\t\t\t\t<\/div>\n\t\t\t\t\t\t\t\t\t\t\t\t\t<div class=\"carousel-item d-flex flex-column justify-content-center elementor-repeater-item-813dc8f\">\n\t\t\t\t\t\t\t\t<div class=\"carousel-item-inner pos-rel w-100\">\n\t\t\t\t\t\t\t\t\t<div class=\"carousel-item-content pos-rel w-100\">\n\n\t\t\t\t\t\t\t\t\t\t<p data-start=\"468\" data-end=\"772\">On October 9, 2024, two major agreements were concluded in Kigali:<\/p><ul><li data-start=\"846\" data-end=\"934\">Protocol on the Development and Administration of Special Economic Zones<\/li><li data-start=\"846\" data-end=\"934\">Memorandum on Export Promotion<\/li><\/ul><p data-start=\"989\" data-end=\"1326\" class=\"translation-block\">Finally, on the sidelines of the Africa CEO Forum 2025, a Partnership Agreement between Guinea\u2019s Agency for the Promotion of Public and Private Investments and the Rwanda Development Board (RDB) was signed. This agreement establishes an operational framework for bilateral investments and encourages private projects with high economic impact.<\/p>\t\t\t\t\t\t\t\t\t<\/div>\n\t\t\t\t\t\t\t\t<\/div>\n\t\t\t\t\t\t\t<\/div>\n\t\t\t\t\t\t\t\t\t\t\t<\/div>\n\t\t\t\t<\/div>\n\t\t\t<\/div>\n\t\t\t\n\t\t\t\n\t\t<\/div>\n\t\t\t\t\t\t<\/div>\n\t\t\t\t<\/div>\n\t\t\t\t<\/div>\n\t\t\t\t<\/div>\n\t\t\t\t\t<\/div>\n\t\t\t\t<\/div>\n\t\t\t\t<\/div>","protected":false},"excerpt":{"rendered":"<p>COOP\u00c9RATION \u00c9CONOMIQUE La coop\u00e9ration \u00e9conomique constitue l\u2019un des axes les plus dynamiques du partenariat bilat\u00e9ral. Le premier accord structurant est l\u2019Accord relatif aux services a\u00e9riens, sign\u00e9 le 09 mars 2016 \u00e0 Conakry. Il a ouvert la voie \u00e0 l\u2019int\u00e9gration des deux pays dans les corridors a\u00e9riens africains. Le\u00a0Protocole de coop\u00e9ration en mati\u00e8re de technologies de [&hellip;]<\/p>\n","protected":false},"author":4,"featured_media":0,"parent":0,"menu_order":0,"comment_status":"closed","ping_status":"closed","template":"","meta":{"footnotes":""},"class_list":["post-2596","page","type-page","status-publish","hentry"],"_links":{"self":[{"href":"https:\/\/ambassadeguineerwanda.org\/en\/wp-json\/wp\/v2\/pages\/2596","targetHints":{"allow":["GET"]}}],"collection":[{"href":"https:\/\/ambassadeguineerwanda.org\/en\/wp-json\/wp\/v2\/pages"}],"about":[{"href":"https:\/\/ambassadeguineerwanda.org\/en\/wp-json\/wp\/v2\/types\/page"}],"author":[{"embeddable":true,"href":"https:\/\/ambassadeguineerwanda.org\/en\/wp-json\/wp\/v2\/users\/4"}],"replies":[{"embeddable":true,"href":"https:\/\/ambassadeguineerwanda.org\/en\/wp-json\/wp\/v2\/comments?post=2596"}],"version-history":[{"count":70,"href":"https:\/\/ambassadeguineerwanda.org\/en\/wp-json\/wp\/v2\/pages\/2596\/revisions"}],"predecessor-version":[{"id":3795,"href":"https:\/\/ambassadeguineerwanda.org\/en\/wp-json\/wp\/v2\/pages\/2596\/revisions\/3795"}],"wp:attachment":[{"href":"https:\/\/ambassadeguineerwanda.org\/en\/wp-json\/wp\/v2\/media?parent=2596"}],"curies":[{"name":"wp","href":"https:\/\/api.w.org\/{rel}","templated":true}]}}