{"id":2605,"date":"2026-01-09T19:50:19","date_gmt":"2026-01-09T19:50:19","guid":{"rendered":"https:\/\/ambassadeguineerwanda.org\/?page_id=2605"},"modified":"2026-02-16T11:24:59","modified_gmt":"2026-02-16T11:24:59","slug":"cooperation-culturelle","status":"publish","type":"page","link":"https:\/\/ambassadeguineerwanda.org\/en\/cooperation-culturelle\/","title":{"rendered":"CULTURAL COOPERATION"},"content":{"rendered":"<div data-elementor-type=\"wp-page\" data-elementor-id=\"2605\" class=\"elementor elementor-2605\">\n\t\t\t\t<div class=\"elementor-element elementor-element-cd06bf2 e-flex e-con-boxed e-con e-parent\" data-id=\"cd06bf2\" data-element_type=\"container\" data-e-type=\"container\">\n\t\t\t\t\t<div class=\"e-con-inner\">\n\t\t<div class=\"elementor-element elementor-element-7cc3652 e-con-full e-flex e-con e-child\" data-id=\"7cc3652\" data-element_type=\"container\" data-e-type=\"container\">\n\t\t<div class=\"elementor-element elementor-element-9e0a9c5 e-con-full e-flex e-con e-child\" data-id=\"9e0a9c5\" data-element_type=\"container\" data-e-type=\"container\">\n\t\t\t\t<div class=\"elementor-element elementor-element-d416266 elementor-widget-tablet__width-initial elementor-widget elementor-widget-ld_fancy_image\" data-id=\"d416266\" data-element_type=\"widget\" data-e-type=\"widget\" data-widget_type=\"ld_fancy_image.default\">\n\t\t\t\t<div class=\"elementor-widget-container\">\n\t\t\t\t\t\n\t\t<div class=\"lqd-imggrp-single d-block pos-rel perspective\" data-hover3d=\"true\">\n\t\t\t<div class=\"lqd-imggrp-img-container d-inline-flex pos-rel align-items-center justify-content-center transform-style-3d\">\n\t\t\t\t\t\t\t\t<figure class=\"w-100 pos-rel\" data-stacking-factor=\"1\">\n\t\t\t\t\t<img fetchpriority=\"high\" decoding=\"async\" width=\"474\" height=\"462\" src=\"https:\/\/ambassadeguineerwanda.org\/wp-content\/uploads\/2026\/02\/WhatsApp-Image-2026-02-16-at-1.10.44-PM.jpeg\" class=\"attachment-full size-full wp-image-3783\" alt=\"\" srcset=\"https:\/\/ambassadeguineerwanda.org\/wp-content\/uploads\/2026\/02\/WhatsApp-Image-2026-02-16-at-1.10.44-PM.jpeg 474w, https:\/\/ambassadeguineerwanda.org\/wp-content\/uploads\/2026\/02\/WhatsApp-Image-2026-02-16-at-1.10.44-PM-300x292.jpeg 300w, https:\/\/ambassadeguineerwanda.org\/wp-content\/uploads\/2026\/02\/WhatsApp-Image-2026-02-16-at-1.10.44-PM-12x12.jpeg 12w\" sizes=\"(max-width: 474px) 100vw, 474px\" itemprop=\"image\" \/>\t\t\t\t\t\t\t\t\t\t\t\t\t\t\t\t\t\t\t\t\t\t\t\t\t\t\t\t\t<\/figure>\n\t\t\t<\/div>\n\t\t<\/div>\n\n\t\t\t\t\t<\/div>\n\t\t\t\t<\/div>\n\t\t\t\t<\/div>\n\t\t<div class=\"elementor-element elementor-element-ff8b296 e-con-full e-flex e-con e-child\" data-id=\"ff8b296\" data-element_type=\"container\" data-e-type=\"container\">\n\t\t\t\t<div class=\"elementor-element elementor-element-27f21a1 elementor-widget elementor-widget-image\" data-id=\"27f21a1\" data-element_type=\"widget\" data-e-type=\"widget\" data-widget_type=\"image.default\">\n\t\t\t\t\t\t\t\t\t\t\t\t\t\t\t<img decoding=\"async\" width=\"241\" height=\"257\" src=\"https:\/\/ambassadeguineerwanda.org\/wp-content\/uploads\/2021\/06\/Fichier-3.jpg\" class=\"attachment-large size-large wp-image-668\" alt=\"\" srcset=\"https:\/\/ambassadeguineerwanda.org\/wp-content\/uploads\/2021\/06\/Fichier-3.jpg 241w, https:\/\/ambassadeguineerwanda.org\/wp-content\/uploads\/2021\/06\/Fichier-3-11x12.jpg 11w\" sizes=\"(max-width: 241px) 100vw, 241px\" \/>\t\t\t\t\t\t\t\t\t\t\t\t\t\t\t<\/div>\n\t\t\t\t<div class=\"elementor-element elementor-element-485e7b2 elementor-widget elementor-widget-hub_fancy_heading\" data-id=\"485e7b2\" data-element_type=\"widget\" data-e-type=\"widget\" data-widget_type=\"hub_fancy_heading.default\">\n\t\t\t\t<div class=\"elementor-widget-container\">\n\t\t\t\t\t\n\t\t<div id=\"ld-fancy-heading-69fb3e4c72b62\" class=\"ld-fancy-heading pos-rel\">\n\t\t\t<h2 class=\"ld-fh-element d-inline-block pos-rel  elementor-heading-title lqd-highlight-classic lqd-highlight-grow-left h2\"  > CULTURAL COOPERATION\n<\/h2>\t\t<\/div>\n\n\t\t\t\t\t\t<\/div>\n\t\t\t\t<\/div>\n\t\t\t\t<div class=\"elementor-element elementor-element-728d023 elementor-widget elementor-widget-ld_carousel\" data-id=\"728d023\" data-element_type=\"widget\" data-e-type=\"widget\" data-widget_type=\"ld_carousel.default\">\n\t\t\t\t<div class=\"elementor-widget-container\">\n\t\t\t\t\t\n\t\t<div class=\"carousel-container pos-rel carousel-nav-left carousel-nav-md carousel-nav-left carousel-nav-floated no carousel-dots-mobile-outside carousel-dots-mobile-center\" id=\"\" >\n\n\t\t\t<div class=\"carousel-items pos-rel\"  data-lqd-flickity='{\"wrapAround\":true,\"prevNextButtons\":true,\"navArrow\":\"2\",\"pageDots\":true,\"dotsIndicator\":\"numbers\",\"cellAlign\":\"left\",\"groupCells\":false,\"buttonsAppendTo\":\"self\",\"addSlideNumbersToArrows\":false,\"numbersStyle\":\"line\",\"dotsAppendTo\":\"self\"}'>\n\n\t\t\t\t\t\t\t\t<div class=\"flickity-viewport pos-rel w-100 overflow-hidden\">\n\t\t\t\t\t<div class=\"flickity-slider d-flex w-100 h-100 pos-rel align-items-start\" style=\"left: 0; transform: translateX(0%);\">\n\t\t\t\t\t\t\t\t\t\t\t\t\t<div class=\"carousel-item d-flex flex-column justify-content-center elementor-repeater-item-2860541\">\n\t\t\t\t\t\t\t\t<div class=\"carousel-item-inner pos-rel w-100\">\n\t\t\t\t\t\t\t\t\t<div class=\"carousel-item-content pos-rel w-100\">\n\n\t\t\t\t\t\t\t\t\t\t<p data-start=\"156\" data-end=\"318\" class=\"translation-block\">Cultural cooperation is based on a series of memorandums signed on October 9, 2024, in Kigali, under the supervision of the Ministers of Foreign Affairs.<\/p><p data-start=\"320\" data-end=\"347\">The agreements cover:<\/p><ul><li data-start=\"350\" data-end=\"364\"><strong data-start=\"350\" data-end=\"362\">Sport<\/strong><\/li><li data-start=\"350\" data-end=\"364\"><strong data-start=\"367\" data-end=\"382\">Youth<\/strong><\/li><li data-start=\"387\" data-end=\"404\"><strong data-start=\"387\" data-end=\"402\">Crafts<\/strong><\/li><li data-start=\"407\" data-end=\"423\"><strong data-start=\"407\" data-end=\"421\">Culture<\/strong><\/li><li data-start=\"426\" data-end=\"490\"><strong data-start=\"426\" data-end=\"488\">socio-cultural initiatives for human exchange<\/strong><\/li><\/ul><p>The signing was carried out by representatives of both governments. These agreements aim to promote talent, bring people closer together, and implement bilateral programs that foster social innovation, professional exchanges, and the development of young people.<\/p>\t\t\t\t\t\t\t\t\t<\/div>\n\t\t\t\t\t\t\t\t<\/div>\n\t\t\t\t\t\t\t<\/div>\n\t\t\t\t\t\t\t\t\t\t\t<\/div>\n\t\t\t\t<\/div>\n\t\t\t<\/div>\n\t\t\t\n\t\t\t\n\t\t<\/div>\n\t\t\t\t\t\t<\/div>\n\t\t\t\t<\/div>\n\t\t\t\t<\/div>\n\t\t\t\t<\/div>\n\t\t\t\t\t<\/div>\n\t\t\t\t<\/div>\n\t\t\t\t<\/div>","protected":false},"excerpt":{"rendered":"<p>COOP\u00c9RATION CULTURELLE La coop\u00e9ration culturelle repose sur une s\u00e9rie de\u00a0m\u00e9morandums\u00a0sign\u00e9s le 09 octobre 2024 \u00e0 Kigali, sous la supervision des ministres des Affaires \u00e9trang\u00e8res. Les accords portent sur : le Sport la Jeunesse l\u2019Artisanat la Culture les initiatives socioculturelles pour les \u00e9changes humains La signature a \u00e9t\u00e9 assur\u00e9e par les repr\u00e9sentants des deux gouvernements. Ces [&hellip;]<\/p>\n","protected":false},"author":4,"featured_media":0,"parent":0,"menu_order":0,"comment_status":"closed","ping_status":"closed","template":"","meta":{"footnotes":""},"class_list":["post-2605","page","type-page","status-publish","hentry"],"_links":{"self":[{"href":"https:\/\/ambassadeguineerwanda.org\/en\/wp-json\/wp\/v2\/pages\/2605","targetHints":{"allow":["GET"]}}],"collection":[{"href":"https:\/\/ambassadeguineerwanda.org\/en\/wp-json\/wp\/v2\/pages"}],"about":[{"href":"https:\/\/ambassadeguineerwanda.org\/en\/wp-json\/wp\/v2\/types\/page"}],"author":[{"embeddable":true,"href":"https:\/\/ambassadeguineerwanda.org\/en\/wp-json\/wp\/v2\/users\/4"}],"replies":[{"embeddable":true,"href":"https:\/\/ambassadeguineerwanda.org\/en\/wp-json\/wp\/v2\/comments?post=2605"}],"version-history":[{"count":19,"href":"https:\/\/ambassadeguineerwanda.org\/en\/wp-json\/wp\/v2\/pages\/2605\/revisions"}],"predecessor-version":[{"id":3786,"href":"https:\/\/ambassadeguineerwanda.org\/en\/wp-json\/wp\/v2\/pages\/2605\/revisions\/3786"}],"wp:attachment":[{"href":"https:\/\/ambassadeguineerwanda.org\/en\/wp-json\/wp\/v2\/media?parent=2605"}],"curies":[{"name":"wp","href":"https:\/\/api.w.org\/{rel}","templated":true}]}}