{"id":2607,"date":"2026-01-09T19:50:36","date_gmt":"2026-01-09T19:50:36","guid":{"rendered":"https:\/\/ambassadeguineerwanda.org\/?page_id=2607"},"modified":"2026-02-13T12:02:22","modified_gmt":"2026-02-13T12:02:22","slug":"cooperation-judiciaire","status":"publish","type":"page","link":"https:\/\/ambassadeguineerwanda.org\/en\/cooperation-judiciaire\/","title":{"rendered":"JUDICIAL COOPERATION"},"content":{"rendered":"<div data-elementor-type=\"wp-page\" data-elementor-id=\"2607\" class=\"elementor elementor-2607\">\n\t\t\t\t<div class=\"elementor-element elementor-element-55f2b9e e-flex e-con-boxed e-con e-parent\" data-id=\"55f2b9e\" data-element_type=\"container\" data-e-type=\"container\">\n\t\t\t\t\t<div class=\"e-con-inner\">\n\t\t<div class=\"elementor-element elementor-element-bbdb57d e-con-full e-flex e-con e-child\" data-id=\"bbdb57d\" data-element_type=\"container\" data-e-type=\"container\">\n\t\t<div class=\"elementor-element elementor-element-01ba57d e-con-full e-flex e-con e-child\" data-id=\"01ba57d\" data-element_type=\"container\" data-e-type=\"container\">\n\t\t\t\t<div class=\"elementor-element elementor-element-9d87344 elementor-widget-tablet__width-initial elementor-widget elementor-widget-ld_fancy_image\" data-id=\"9d87344\" data-element_type=\"widget\" data-e-type=\"widget\" data-widget_type=\"ld_fancy_image.default\">\n\t\t\t\t<div class=\"elementor-widget-container\">\n\t\t\t\t\t\n\t\t<div class=\"lqd-imggrp-single d-block pos-rel perspective\" data-hover3d=\"true\">\n\t\t\t<div class=\"lqd-imggrp-img-container d-inline-flex pos-rel align-items-center justify-content-center transform-style-3d\">\n\t\t\t\t\t\t\t\t<figure class=\"w-100 pos-rel\" data-stacking-factor=\"1\">\n\t\t\t\t\t<img fetchpriority=\"high\" decoding=\"async\" width=\"1000\" height=\"666\" src=\"https:\/\/ambassadeguineerwanda.org\/wp-content\/uploads\/2026\/02\/WhatsApp-Image-2026-02-11-at-3.13.16-PM-1.jpeg\" class=\"attachment-full size-full wp-image-3748\" alt=\"\" srcset=\"https:\/\/ambassadeguineerwanda.org\/wp-content\/uploads\/2026\/02\/WhatsApp-Image-2026-02-11-at-3.13.16-PM-1.jpeg 1000w, https:\/\/ambassadeguineerwanda.org\/wp-content\/uploads\/2026\/02\/WhatsApp-Image-2026-02-11-at-3.13.16-PM-1-300x200.jpeg 300w, https:\/\/ambassadeguineerwanda.org\/wp-content\/uploads\/2026\/02\/WhatsApp-Image-2026-02-11-at-3.13.16-PM-1-18x12.jpeg 18w, https:\/\/ambassadeguineerwanda.org\/wp-content\/uploads\/2026\/02\/WhatsApp-Image-2026-02-11-at-3.13.16-PM-1-720x480.jpeg 720w\" sizes=\"(max-width: 1000px) 100vw, 1000px\" itemprop=\"image\" \/>\t\t\t\t\t\t\t\t\t\t\t\t\t\t\t\t\t\t\t\t\t\t\t\t\t\t\t\t\t<\/figure>\n\t\t\t<\/div>\n\t\t<\/div>\n\n\t\t\t\t\t<\/div>\n\t\t\t\t<\/div>\n\t\t\t\t<\/div>\n\t\t<div class=\"elementor-element elementor-element-f91286c e-con-full e-flex e-con e-child\" data-id=\"f91286c\" data-element_type=\"container\" data-e-type=\"container\">\n\t\t\t\t<div class=\"elementor-element elementor-element-5fd2ee7 elementor-widget__width-initial elementor-widget elementor-widget-image\" data-id=\"5fd2ee7\" data-element_type=\"widget\" data-e-type=\"widget\" data-widget_type=\"image.default\">\n\t\t\t\t\t\t\t\t\t\t\t\t\t\t\t<img decoding=\"async\" width=\"241\" height=\"257\" src=\"https:\/\/ambassadeguineerwanda.org\/wp-content\/uploads\/2021\/06\/Fichier-3.jpg\" class=\"attachment-large size-large wp-image-668\" alt=\"\" srcset=\"https:\/\/ambassadeguineerwanda.org\/wp-content\/uploads\/2021\/06\/Fichier-3.jpg 241w, https:\/\/ambassadeguineerwanda.org\/wp-content\/uploads\/2021\/06\/Fichier-3-11x12.jpg 11w\" sizes=\"(max-width: 241px) 100vw, 241px\" \/>\t\t\t\t\t\t\t\t\t\t\t\t\t\t\t<\/div>\n\t\t\t\t<div class=\"elementor-element elementor-element-3143512 elementor-widget elementor-widget-hub_fancy_heading\" data-id=\"3143512\" data-element_type=\"widget\" data-e-type=\"widget\" data-widget_type=\"hub_fancy_heading.default\">\n\t\t\t\t<div class=\"elementor-widget-container\">\n\t\t\t\t\t\n\t\t<div id=\"ld-fancy-heading-69fb3e372898d\" class=\"ld-fancy-heading pos-rel\">\n\t\t\t<h2 class=\"ld-fh-element d-inline-block pos-rel  elementor-heading-title lqd-highlight-classic lqd-highlight-grow-left h2\"  > JUDICIAL COOPERATION\n<\/h2>\t\t<\/div>\n\n\t\t\t\t\t\t<\/div>\n\t\t\t\t<\/div>\n\t\t\t\t<div class=\"elementor-element elementor-element-e0a6211 elementor-widget elementor-widget-ld_carousel\" data-id=\"e0a6211\" data-element_type=\"widget\" data-e-type=\"widget\" data-widget_type=\"ld_carousel.default\">\n\t\t\t\t<div class=\"elementor-widget-container\">\n\t\t\t\t\t\n\t\t<div class=\"carousel-container pos-rel carousel-nav-left carousel-nav-md carousel-nav-left carousel-nav-floated no carousel-dots-mobile-outside carousel-dots-mobile-center\" id=\"\" >\n\n\t\t\t<div class=\"carousel-items pos-rel\"  data-lqd-flickity='{\"wrapAround\":true,\"prevNextButtons\":true,\"navArrow\":\"2\",\"pageDots\":true,\"dotsIndicator\":\"numbers\",\"cellAlign\":\"left\",\"groupCells\":false,\"buttonsAppendTo\":\"self\",\"addSlideNumbersToArrows\":false,\"numbersStyle\":\"line\",\"dotsAppendTo\":\"self\"}'>\n\n\t\t\t\t\t\t\t\t<div class=\"flickity-viewport pos-rel w-100 overflow-hidden\">\n\t\t\t\t\t<div class=\"flickity-slider d-flex w-100 h-100 pos-rel align-items-start\" style=\"left: 0; transform: translateX(0%);\">\n\t\t\t\t\t\t\t\t\t\t\t\t\t<div class=\"carousel-item d-flex flex-column justify-content-center elementor-repeater-item-2860541\">\n\t\t\t\t\t\t\t\t<div class=\"carousel-item-inner pos-rel w-100\">\n\t\t\t\t\t\t\t\t\t<div class=\"carousel-item-content pos-rel w-100\">\n\n\t\t\t\t\t\t\t\t\t\t<p data-start=\"150\" data-end=\"262\">The judicial aspect was strengthened on October 9, 2024 in Kigali by the conclusion of two major instruments:<\/p><ul><li data-start=\"265\" data-end=\"291\"><strong data-start=\"265\" data-end=\"289\">Extradition agreement<\/strong><\/li><li data-start=\"294\" data-end=\"346\"><strong data-start=\"294\" data-end=\"344\">Agreement on mutual legal assistance in criminal matters<\/strong><\/li><\/ul><p data-start=\"348\" data-end=\"485\">These agreements were signed by the foreign ministers, representing the Guinean government and the Rwandan government.<\/p><p data-start=\"348\" data-end=\"485\">They aim to harmonize the fight against transnational crime, facilitate bilateral judicial procedures and ensure better cooperation in criminal investigations.<\/p>\t\t\t\t\t\t\t\t\t<\/div>\n\t\t\t\t\t\t\t\t<\/div>\n\t\t\t\t\t\t\t<\/div>\n\t\t\t\t\t\t\t\t\t\t\t<\/div>\n\t\t\t\t<\/div>\n\t\t\t<\/div>\n\t\t\t\n\t\t\t\n\t\t<\/div>\n\t\t\t\t\t\t<\/div>\n\t\t\t\t<\/div>\n\t\t\t\t<\/div>\n\t\t\t\t<\/div>\n\t\t\t\t\t<\/div>\n\t\t\t\t<\/div>\n\t\t\t\t<\/div>","protected":false},"excerpt":{"rendered":"<p>COOP\u00c9RATION JUDICIAIRE Le volet judiciaire a \u00e9t\u00e9 renforc\u00e9 le 09 octobre 2024 \u00e0 Kigali par la conclusion de deux instruments majeurs : Accord d\u2019extradition Accord d\u2019entraide judiciaire en mati\u00e8re p\u00e9nale Ces accords ont \u00e9t\u00e9 sign\u00e9s par les ministres des Affaires \u00e9trang\u00e8res, repr\u00e9sentant le gouvernement guin\u00e9en et le gouvernement rwandais. Ils visent \u00e0 harmoniser la lutte [&hellip;]<\/p>\n","protected":false},"author":4,"featured_media":0,"parent":0,"menu_order":0,"comment_status":"closed","ping_status":"closed","template":"","meta":{"footnotes":""},"class_list":["post-2607","page","type-page","status-publish","hentry"],"_links":{"self":[{"href":"https:\/\/ambassadeguineerwanda.org\/en\/wp-json\/wp\/v2\/pages\/2607","targetHints":{"allow":["GET"]}}],"collection":[{"href":"https:\/\/ambassadeguineerwanda.org\/en\/wp-json\/wp\/v2\/pages"}],"about":[{"href":"https:\/\/ambassadeguineerwanda.org\/en\/wp-json\/wp\/v2\/types\/page"}],"author":[{"embeddable":true,"href":"https:\/\/ambassadeguineerwanda.org\/en\/wp-json\/wp\/v2\/users\/4"}],"replies":[{"embeddable":true,"href":"https:\/\/ambassadeguineerwanda.org\/en\/wp-json\/wp\/v2\/comments?post=2607"}],"version-history":[{"count":22,"href":"https:\/\/ambassadeguineerwanda.org\/en\/wp-json\/wp\/v2\/pages\/2607\/revisions"}],"predecessor-version":[{"id":3767,"href":"https:\/\/ambassadeguineerwanda.org\/en\/wp-json\/wp\/v2\/pages\/2607\/revisions\/3767"}],"wp:attachment":[{"href":"https:\/\/ambassadeguineerwanda.org\/en\/wp-json\/wp\/v2\/media?parent=2607"}],"curies":[{"name":"wp","href":"https:\/\/api.w.org\/{rel}","templated":true}]}}