{"id":2609,"date":"2026-01-09T19:51:07","date_gmt":"2026-01-09T19:51:07","guid":{"rendered":"https:\/\/ambassadeguineerwanda.org\/?page_id=2609"},"modified":"2026-02-13T12:03:37","modified_gmt":"2026-02-13T12:03:37","slug":"cooperation-touristique","status":"publish","type":"page","link":"https:\/\/ambassadeguineerwanda.org\/en\/cooperation-touristique\/","title":{"rendered":"TOURISM COOPERATION"},"content":{"rendered":"<div data-elementor-type=\"wp-page\" data-elementor-id=\"2609\" class=\"elementor elementor-2609\">\n\t\t\t\t<div class=\"elementor-element elementor-element-873cec5 e-con-full e-flex e-con e-child\" data-id=\"873cec5\" data-element_type=\"container\" data-e-type=\"container\">\n\t\t<div class=\"elementor-element elementor-element-305ca8f e-con-full e-flex e-con e-child\" data-id=\"305ca8f\" data-element_type=\"container\" data-e-type=\"container\">\n\t\t\t\t<div class=\"elementor-element elementor-element-bc6ea41 elementor-widget-tablet__width-initial elementor-widget elementor-widget-ld_fancy_image\" data-id=\"bc6ea41\" data-element_type=\"widget\" data-e-type=\"widget\" data-widget_type=\"ld_fancy_image.default\">\n\t\t\t\t<div class=\"elementor-widget-container\">\n\t\t\t\t\t\n\t\t<div class=\"lqd-imggrp-single d-block pos-rel perspective\" data-hover3d=\"true\">\n\t\t\t<div class=\"lqd-imggrp-img-container d-inline-flex pos-rel align-items-center justify-content-center transform-style-3d\">\n\t\t\t\t\t\t\t\t<figure class=\"w-100 pos-rel\" data-stacking-factor=\"1\">\n\t\t\t\t\t<img fetchpriority=\"high\" decoding=\"async\" width=\"995\" height=\"720\" src=\"https:\/\/ambassadeguineerwanda.org\/wp-content\/uploads\/2026\/02\/WhatsApp-Image-2026-02-11-at-3.13.16-PM.jpeg\" class=\"attachment-full size-full wp-image-3749\" alt=\"\" srcset=\"https:\/\/ambassadeguineerwanda.org\/wp-content\/uploads\/2026\/02\/WhatsApp-Image-2026-02-11-at-3.13.16-PM.jpeg 995w, https:\/\/ambassadeguineerwanda.org\/wp-content\/uploads\/2026\/02\/WhatsApp-Image-2026-02-11-at-3.13.16-PM-300x217.jpeg 300w, https:\/\/ambassadeguineerwanda.org\/wp-content\/uploads\/2026\/02\/WhatsApp-Image-2026-02-11-at-3.13.16-PM-18x12.jpeg 18w\" sizes=\"(max-width: 995px) 100vw, 995px\" itemprop=\"image\" \/>\t\t\t\t\t\t\t\t\t\t\t\t\t\t\t\t\t\t\t\t\t\t\t\t\t\t\t\t\t<\/figure>\n\t\t\t<\/div>\n\t\t<\/div>\n\n\t\t\t\t\t<\/div>\n\t\t\t\t<\/div>\n\t\t\t\t<\/div>\n\t\t<div class=\"elementor-element elementor-element-501b63b e-con-full e-flex e-con e-child\" data-id=\"501b63b\" data-element_type=\"container\" data-e-type=\"container\">\n\t\t\t\t<div class=\"elementor-element elementor-element-35a2afb elementor-widget__width-initial elementor-widget elementor-widget-image\" data-id=\"35a2afb\" data-element_type=\"widget\" data-e-type=\"widget\" data-widget_type=\"image.default\">\n\t\t\t\t\t\t\t\t\t\t\t\t\t\t\t<img decoding=\"async\" width=\"241\" height=\"257\" src=\"https:\/\/ambassadeguineerwanda.org\/wp-content\/uploads\/2021\/06\/Fichier-3.jpg\" class=\"attachment-large size-large wp-image-668\" alt=\"\" srcset=\"https:\/\/ambassadeguineerwanda.org\/wp-content\/uploads\/2021\/06\/Fichier-3.jpg 241w, https:\/\/ambassadeguineerwanda.org\/wp-content\/uploads\/2021\/06\/Fichier-3-11x12.jpg 11w\" sizes=\"(max-width: 241px) 100vw, 241px\" \/>\t\t\t\t\t\t\t\t\t\t\t\t\t\t\t<\/div>\n\t\t\t\t<div class=\"elementor-element elementor-element-1282eae elementor-widget elementor-widget-hub_fancy_heading\" data-id=\"1282eae\" data-element_type=\"widget\" data-e-type=\"widget\" data-widget_type=\"hub_fancy_heading.default\">\n\t\t\t\t<div class=\"elementor-widget-container\">\n\t\t\t\t\t\n\t\t<div id=\"ld-fancy-heading-69fb3e4a046ce\" class=\"ld-fancy-heading pos-rel\">\n\t\t\t<h2 class=\"ld-fh-element d-inline-block pos-rel  elementor-heading-title lqd-highlight-classic lqd-highlight-grow-left h2\"  > TOURISM COOPERATION\n<\/h2>\t\t<\/div>\n\n\t\t\t\t\t\t<\/div>\n\t\t\t\t<\/div>\n\t\t\t\t<div class=\"elementor-element elementor-element-c486f3c elementor-widget elementor-widget-ld_carousel\" data-id=\"c486f3c\" data-element_type=\"widget\" data-e-type=\"widget\" data-widget_type=\"ld_carousel.default\">\n\t\t\t\t<div class=\"elementor-widget-container\">\n\t\t\t\t\t\n\t\t<div class=\"carousel-container pos-rel carousel-nav-left carousel-nav-md carousel-nav-left carousel-nav-floated no carousel-dots-mobile-outside carousel-dots-mobile-center\" id=\"\" >\n\n\t\t\t<div class=\"carousel-items pos-rel\"  data-lqd-flickity='{\"wrapAround\":true,\"prevNextButtons\":true,\"navArrow\":\"2\",\"pageDots\":true,\"dotsIndicator\":\"numbers\",\"cellAlign\":\"left\",\"groupCells\":false,\"buttonsAppendTo\":\"self\",\"addSlideNumbersToArrows\":false,\"numbersStyle\":\"line\",\"dotsAppendTo\":\"self\"}'>\n\n\t\t\t\t\t\t\t\t<div class=\"flickity-viewport pos-rel w-100 overflow-hidden\">\n\t\t\t\t\t<div class=\"flickity-slider d-flex w-100 h-100 pos-rel align-items-start\" style=\"left: 0; transform: translateX(0%);\">\n\t\t\t\t\t\t\t\t\t\t\t\t\t<div class=\"carousel-item d-flex flex-column justify-content-center elementor-repeater-item-2860541\">\n\t\t\t\t\t\t\t\t<div class=\"carousel-item-inner pos-rel w-100\">\n\t\t\t\t\t\t\t\t\t<div class=\"carousel-item-content pos-rel w-100\">\n\n\t\t\t\t\t\t\t\t\t\t<p data-start=\"149\" data-end=\"298\" class=\"translation-block\">Tourism cooperation was strengthened on October 9, 2024, in Kigali by the signing of a Memorandum of Understanding in the field of tourism.<\/p><p data-start=\"300\" data-end=\"373\">Signed by representatives of both governments, this agreement aims to:<\/p><ul><li data-start=\"376\" data-end=\"425\">Strengthen cross-promotion of destinations<\/li><li data-start=\"428\" data-end=\"474\">Develop common tourist circuits<\/li><li data-start=\"477\" data-end=\"504\">Attract investors<\/li><li data-start=\"507\" data-end=\"587\">To showcase the natural, cultural and hotel potential of both countries<\/li><\/ul>\t\t\t\t\t\t\t\t\t<\/div>\n\t\t\t\t\t\t\t\t<\/div>\n\t\t\t\t\t\t\t<\/div>\n\t\t\t\t\t\t\t\t\t\t\t<\/div>\n\t\t\t\t<\/div>\n\t\t\t<\/div>\n\t\t\t\n\t\t\t\n\t\t<\/div>\n\t\t\t\t\t\t<\/div>\n\t\t\t\t<\/div>\n\t\t\t\t<\/div>\n\t\t\t\t<\/div>\n\t\t\t\t<\/div>","protected":false},"excerpt":{"rendered":"<p>COOP\u00c9RATION TOURISTIQUE La coop\u00e9ration touristique a \u00e9t\u00e9 consolid\u00e9e le 09 octobre 2024 \u00e0 Kigali par la signature d\u2019un\u00a0M\u00e9morandum d\u2019entente dans le domaine du tourisme. Sign\u00e9 par les repr\u00e9sentants des deux gouvernements, cet accord vise \u00e0 : Renforcer la promotion crois\u00e9e des destinations D\u00e9velopper des circuits touristiques communs Attirer les investisseurs Mettre en valeur les potentiels [&hellip;]<\/p>\n","protected":false},"author":4,"featured_media":0,"parent":0,"menu_order":0,"comment_status":"closed","ping_status":"closed","template":"","meta":{"footnotes":""},"class_list":["post-2609","page","type-page","status-publish","hentry"],"_links":{"self":[{"href":"https:\/\/ambassadeguineerwanda.org\/en\/wp-json\/wp\/v2\/pages\/2609","targetHints":{"allow":["GET"]}}],"collection":[{"href":"https:\/\/ambassadeguineerwanda.org\/en\/wp-json\/wp\/v2\/pages"}],"about":[{"href":"https:\/\/ambassadeguineerwanda.org\/en\/wp-json\/wp\/v2\/types\/page"}],"author":[{"embeddable":true,"href":"https:\/\/ambassadeguineerwanda.org\/en\/wp-json\/wp\/v2\/users\/4"}],"replies":[{"embeddable":true,"href":"https:\/\/ambassadeguineerwanda.org\/en\/wp-json\/wp\/v2\/comments?post=2609"}],"version-history":[{"count":19,"href":"https:\/\/ambassadeguineerwanda.org\/en\/wp-json\/wp\/v2\/pages\/2609\/revisions"}],"predecessor-version":[{"id":3770,"href":"https:\/\/ambassadeguineerwanda.org\/en\/wp-json\/wp\/v2\/pages\/2609\/revisions\/3770"}],"wp:attachment":[{"href":"https:\/\/ambassadeguineerwanda.org\/en\/wp-json\/wp\/v2\/media?parent=2609"}],"curies":[{"name":"wp","href":"https:\/\/api.w.org\/{rel}","templated":true}]}}